{"id":108,"date":"2023-04-11T13:23:34","date_gmt":"2023-04-11T13:23:34","guid":{"rendered":"https:\/\/brains.dnac.org\/2023\/?page_id=108"},"modified":"2023-05-15T14:56:44","modified_gmt":"2023-05-15T14:56:44","slug":"tpc","status":"publish","type":"page","link":"https:\/\/brains.dnac.org\/2023\/tpc\/","title":{"rendered":"TPC members"},"content":{"rendered":"\n<h2 class=\"wp-block-heading\"><strong><mark style=\"background-color:rgba(0, 0, 0, 0)\" class=\"has-inline-color has-vivid-cyan-blue-color\">BRAINS 2023 TPC members <\/mark><\/strong><\/h2>\n\n\n\n<ul>\n<li>Isaac Agudo Ruiz (University of Malaga, Spain)<\/li>\n\n\n\n<li>Leonardo Aniello (University of Southampton, UK)<\/li>\n\n\n\n<li>Lennart Ante (Blockchain Research Lab, Germany)<\/li>\n\n\n\n<li>Artem Barger (Idea Blockchain Research Lab, Israel)<\/li>\n\n\n\n<li>Marta Beltr\u00e1n Pardo (ETSII, University Rey Juan Carlos, Spain)<\/li>\n\n\n\n<li>Silvia Bonomi (University of Rome La Sapienza, Italy)<\/li>\n\n\n\n<li>J\u00e9ferson Campos Nobre (Federal University of Rio Grande do Sul, Brazil)<\/li>\n\n\n\n<li>Daniel Cason (Informal Systems, Switzerland)<\/li>\n\n\n\n<li>Pierre Civit (EPFL, Switzeland)<\/li>\n\n\n\n<li>Richard Chbeir (LIUPPA &#8211; University Pau &amp; Pays Adour, France)<\/li>\n\n\n\n<li>Thibault Cholez (Universite de Lorraine, CNRS, Inria, LORIA, France)<\/li>\n\n\n\n<li>Jeremie Decouchant (Delft University of Technology, The Netherlands)<\/li>\n\n\n\n<li>Raphael Eidenbenz (Hitachi Energy Research, Switzerland)<\/li>\n\n\n\n<li>Nour El Madhoun (ISEP Engineering School, France)<\/li>\n\n\n\n<li>Joshua Ellul (University of Malta, Malta)<\/li>\n\n\n\n<li>Giovanni Farina (Sapienza University of Rome, Italy)<\/li>\n\n\n\n<li>Paula Fraga-Lamas (University of A Coru\u00f1a, Spain)<\/li>\n\n\n\n<li>Th\u00e9o Gauthier (Toposware, USA)<\/li>\n\n\n\n<li>Hanen Idoudi (University of Manouba, Tunisia)<\/li>\n\n\n\n<li>Sandra Johnson (ConsenSys, Australia)<\/li>\n\n\n\n<li>William J Knottenbelt (Imperial College, UK)<\/li>\n\n\n\n<li>Maryline Laurent (Institut Mines-T\u00e9l\u00e9com, T\u00e9l\u00e9com SudParis, France)<\/li>\n\n\n\n<li>Romaric Ludinard (IMT Atlantique, France)<\/li>\n\n\n\n<li>Changqing Luo (Virginia Commonwealth University, USA)<\/li>\n\n\n\n<li>Darya Melnyk (TU Berlin, Germany)<\/li>\n\n\n\n<li>Aafaf Ouaddah (INPT, RABAT\/RAISS, Morocco)<\/li>\n\n\n\n<li>Helen Paik (University of New South Wales, Australia)<\/li>\n\n\n\n<li>Shantanu Pal (Deakin University, Australia)<\/li>\n\n\n\n<li>Dongming Peng (University of Nebraska-Lincoln, USA)<\/li>\n\n\n\n<li>Maria Potop-Butucaru (Sorbonne Universit\u00e9, France)<\/li>\n\n\n\n<li>Guy Pujolle (Sorbonne Universit\u00e9, France)<\/li>\n\n\n\n<li>Mohammad Ashiqur Rahman (Florida International University, USA)<\/li>\n\n\n\n<li>Venkatraman Ramakrishna (IBM India Research Lab, India)<\/li>\n\n\n\n<li>Gernot Salzer (TU Wien, Austria)<\/li>\n\n\n\n<li>Motoyoshi Sekiya (Fujitsu Limited, Japan)<\/li>\n\n\n\n<li>Wazen Shbair (VNX, Luxembourg)<\/li>\n\n\n\n<li>Larry (Weidong) Shi (University of Houston, USA)<\/li>\n\n\n\n<li>Xiang Sun (University of New Mexico, USA)<\/li>\n\n\n\n<li>Stefan Tai (TU Berlin, Germany)<\/li>\n\n\n\n<li>Hitesh Tewari (Trinity College Dublin, Ireland)<\/li>\n\n\n\n<li>Eirini Eleni Tsiropoulou (University of New Mexico, USA)<\/li>\n\n\n\n<li>Andreas Veneris (University of Toronto, Canada)<\/li>\n\n\n\n<li>Katinka Wolter (Free University of Berlin, Germany)<\/li>\n\n\n\n<li>Sherali Zeadally (University of Kentucky, USA)<\/li>\n\n\n\n<li>Kaiwen Zhang (ETS &#8211; Universit\u00e9 du Qu\u00e9bec, Canada)<\/li>\n\n\n\n<li>Avelino Zorzo (Pontifical Catholic University of RS &#8211; PUCRS, Brazil)<\/li>\n<\/ul>\n","protected":false},"excerpt":{"rendered":"<p>BRAINS 2023 TPC members<\/p>\n","protected":false},"author":1,"featured_media":0,"parent":0,"menu_order":0,"comment_status":"closed","ping_status":"closed","template":"","meta":[],"yoast_head":"<!-- This site is optimized with the Yoast SEO plugin v20.0 - https:\/\/yoast.com\/wordpress\/plugins\/seo\/ -->\n<title>TPC members - 5th Conference on Blockchain Research &amp; Applications for Innovative Networks and Services<\/title>\n<meta name=\"robots\" content=\"index, follow, max-snippet:-1, max-image-preview:large, max-video-preview:-1\" \/>\n<link rel=\"canonical\" href=\"https:\/\/brains.dnac.org\/2023\/tpc\/\" \/>\n<meta property=\"og:locale\" content=\"en_US\" \/>\n<meta property=\"og:type\" content=\"article\" \/>\n<meta property=\"og:title\" content=\"TPC members - 5th Conference on Blockchain Research &amp; Applications for Innovative Networks and Services\" \/>\n<meta property=\"og:description\" content=\"BRAINS 2023 TPC members\" \/>\n<meta property=\"og:url\" content=\"https:\/\/brains.dnac.org\/2023\/tpc\/\" \/>\n<meta property=\"og:site_name\" content=\"5th Conference on Blockchain Research &amp; Applications for Innovative Networks and Services\" \/>\n<meta property=\"article:modified_time\" content=\"2023-05-15T14:56:44+00:00\" \/>\n<meta name=\"twitter:card\" content=\"summary_large_image\" \/>\n<meta name=\"twitter:site\" content=\"@Dnac_conference\" \/>\n<meta name=\"twitter:label1\" content=\"Est. reading time\" \/>\n\t<meta name=\"twitter:data1\" content=\"1 minute\" \/>\n<script type=\"application\/ld+json\" class=\"yoast-schema-graph\">{\"@context\":\"https:\/\/schema.org\",\"@graph\":[{\"@type\":\"WebPage\",\"@id\":\"https:\/\/brains.dnac.org\/2023\/tpc\/\",\"url\":\"https:\/\/brains.dnac.org\/2023\/tpc\/\",\"name\":\"TPC members - 5th Conference on Blockchain Research &amp; Applications for Innovative Networks and Services\",\"isPartOf\":{\"@id\":\"https:\/\/brains.dnac.org\/2023\/#website\"},\"datePublished\":\"2023-04-11T13:23:34+00:00\",\"dateModified\":\"2023-05-15T14:56:44+00:00\",\"breadcrumb\":{\"@id\":\"https:\/\/brains.dnac.org\/2023\/tpc\/#breadcrumb\"},\"inLanguage\":\"en-US\",\"potentialAction\":[{\"@type\":\"ReadAction\",\"target\":[\"https:\/\/brains.dnac.org\/2023\/tpc\/\"]}]},{\"@type\":\"BreadcrumbList\",\"@id\":\"https:\/\/brains.dnac.org\/2023\/tpc\/#breadcrumb\",\"itemListElement\":[{\"@type\":\"ListItem\",\"position\":1,\"name\":\"Home\",\"item\":\"https:\/\/brains.dnac.org\/2023\/\"},{\"@type\":\"ListItem\",\"position\":2,\"name\":\"TPC members\"}]},{\"@type\":\"WebSite\",\"@id\":\"https:\/\/brains.dnac.org\/2023\/#website\",\"url\":\"https:\/\/brains.dnac.org\/2023\/\",\"name\":\"5th Conference on Blockchain Research &amp; Applications for Innovative Networks and Services\",\"description\":\"5th Conference on Blockchain Research &amp; Applications for Innovative Networks and Services\",\"publisher\":{\"@id\":\"https:\/\/brains.dnac.org\/2023\/#organization\"},\"potentialAction\":[{\"@type\":\"SearchAction\",\"target\":{\"@type\":\"EntryPoint\",\"urlTemplate\":\"https:\/\/brains.dnac.org\/2023\/?s={search_term_string}\"},\"query-input\":\"required name=search_term_string\"}],\"inLanguage\":\"en-US\"},{\"@type\":\"Organization\",\"@id\":\"https:\/\/brains.dnac.org\/2023\/#organization\",\"name\":\"DNAC\",\"url\":\"https:\/\/brains.dnac.org\/2023\/\",\"logo\":{\"@type\":\"ImageObject\",\"inLanguage\":\"en-US\",\"@id\":\"https:\/\/brains.dnac.org\/2023\/#\/schema\/logo\/image\/\",\"url\":\"https:\/\/brains.dnac.org\/2023\/wp-content\/uploads\/2023\/02\/Logo_DNAC_Haut_Res-300x118-1.png\",\"contentUrl\":\"https:\/\/brains.dnac.org\/2023\/wp-content\/uploads\/2023\/02\/Logo_DNAC_Haut_Res-300x118-1.png\",\"width\":300,\"height\":118,\"caption\":\"DNAC\"},\"image\":{\"@id\":\"https:\/\/brains.dnac.org\/2023\/#\/schema\/logo\/image\/\"},\"sameAs\":[\"https:\/\/twitter.com\/Dnac_conference\"]}]}<\/script>\n<!-- \/ Yoast SEO plugin. -->","yoast_head_json":{"title":"TPC members - 5th Conference on Blockchain Research &amp; Applications for Innovative Networks and Services","robots":{"index":"index","follow":"follow","max-snippet":"max-snippet:-1","max-image-preview":"max-image-preview:large","max-video-preview":"max-video-preview:-1"},"canonical":"https:\/\/brains.dnac.org\/2023\/tpc\/","og_locale":"en_US","og_type":"article","og_title":"TPC members - 5th Conference on Blockchain Research &amp; Applications for Innovative Networks and Services","og_description":"BRAINS 2023 TPC members","og_url":"https:\/\/brains.dnac.org\/2023\/tpc\/","og_site_name":"5th Conference on Blockchain Research &amp; Applications for Innovative Networks and Services","article_modified_time":"2023-05-15T14:56:44+00:00","twitter_card":"summary_large_image","twitter_site":"@Dnac_conference","twitter_misc":{"Est. reading time":"1 minute"},"schema":{"@context":"https:\/\/schema.org","@graph":[{"@type":"WebPage","@id":"https:\/\/brains.dnac.org\/2023\/tpc\/","url":"https:\/\/brains.dnac.org\/2023\/tpc\/","name":"TPC members - 5th Conference on Blockchain Research &amp; Applications for Innovative Networks and Services","isPartOf":{"@id":"https:\/\/brains.dnac.org\/2023\/#website"},"datePublished":"2023-04-11T13:23:34+00:00","dateModified":"2023-05-15T14:56:44+00:00","breadcrumb":{"@id":"https:\/\/brains.dnac.org\/2023\/tpc\/#breadcrumb"},"inLanguage":"en-US","potentialAction":[{"@type":"ReadAction","target":["https:\/\/brains.dnac.org\/2023\/tpc\/"]}]},{"@type":"BreadcrumbList","@id":"https:\/\/brains.dnac.org\/2023\/tpc\/#breadcrumb","itemListElement":[{"@type":"ListItem","position":1,"name":"Home","item":"https:\/\/brains.dnac.org\/2023\/"},{"@type":"ListItem","position":2,"name":"TPC members"}]},{"@type":"WebSite","@id":"https:\/\/brains.dnac.org\/2023\/#website","url":"https:\/\/brains.dnac.org\/2023\/","name":"5th Conference on Blockchain Research &amp; Applications for Innovative Networks and Services","description":"5th Conference on Blockchain Research &amp; Applications for Innovative Networks and Services","publisher":{"@id":"https:\/\/brains.dnac.org\/2023\/#organization"},"potentialAction":[{"@type":"SearchAction","target":{"@type":"EntryPoint","urlTemplate":"https:\/\/brains.dnac.org\/2023\/?s={search_term_string}"},"query-input":"required name=search_term_string"}],"inLanguage":"en-US"},{"@type":"Organization","@id":"https:\/\/brains.dnac.org\/2023\/#organization","name":"DNAC","url":"https:\/\/brains.dnac.org\/2023\/","logo":{"@type":"ImageObject","inLanguage":"en-US","@id":"https:\/\/brains.dnac.org\/2023\/#\/schema\/logo\/image\/","url":"https:\/\/brains.dnac.org\/2023\/wp-content\/uploads\/2023\/02\/Logo_DNAC_Haut_Res-300x118-1.png","contentUrl":"https:\/\/brains.dnac.org\/2023\/wp-content\/uploads\/2023\/02\/Logo_DNAC_Haut_Res-300x118-1.png","width":300,"height":118,"caption":"DNAC"},"image":{"@id":"https:\/\/brains.dnac.org\/2023\/#\/schema\/logo\/image\/"},"sameAs":["https:\/\/twitter.com\/Dnac_conference"]}]}},"_links":{"self":[{"href":"https:\/\/brains.dnac.org\/2023\/wp-json\/wp\/v2\/pages\/108"}],"collection":[{"href":"https:\/\/brains.dnac.org\/2023\/wp-json\/wp\/v2\/pages"}],"about":[{"href":"https:\/\/brains.dnac.org\/2023\/wp-json\/wp\/v2\/types\/page"}],"author":[{"embeddable":true,"href":"https:\/\/brains.dnac.org\/2023\/wp-json\/wp\/v2\/users\/1"}],"replies":[{"embeddable":true,"href":"https:\/\/brains.dnac.org\/2023\/wp-json\/wp\/v2\/comments?post=108"}],"version-history":[{"count":7,"href":"https:\/\/brains.dnac.org\/2023\/wp-json\/wp\/v2\/pages\/108\/revisions"}],"predecessor-version":[{"id":146,"href":"https:\/\/brains.dnac.org\/2023\/wp-json\/wp\/v2\/pages\/108\/revisions\/146"}],"wp:attachment":[{"href":"https:\/\/brains.dnac.org\/2023\/wp-json\/wp\/v2\/media?parent=108"}],"curies":[{"name":"wp","href":"https:\/\/api.w.org\/{rel}","templated":true}]}}