{"id":209,"date":"2022-08-30T16:02:58","date_gmt":"2022-08-30T16:02:58","guid":{"rendered":"https:\/\/brains.dnac.org\/2022\/?page_id=209"},"modified":"2022-09-29T09:01:20","modified_gmt":"2022-09-29T09:01:20","slug":"program","status":"publish","type":"page","link":"https:\/\/brains.dnac.org\/2022\/program\/","title":{"rendered":"Program"},"content":{"rendered":"\n<p><\/p>\n\n\n\n<p class=\"has-text-align-center\"><strong>Technical Program of the <strong>4th Conference on Blockchain Research &amp; Applications for Innovative Networks and Services<\/strong><\/strong><br><strong>BRAINS-2022<\/strong><br><strong>September 27-30, 2022 &#8211; Paris, France<\/strong> (Fully In-person Conference)<\/p>\n\n\n\n<p class=\"has-text-align-center\"><strong><span class=\"has-inline-color has-vivid-cyan-blue-color\">Program at a Glance <\/span><\/strong><\/p>\n\n\n\n<figure class=\"wp-block-image size-large\"><img loading=\"lazy\" width=\"1024\" height=\"658\" src=\"https:\/\/brains.dnac.org\/2022\/wp-content\/uploads\/2022\/09\/program-1024x658.jpg\" alt=\"\" class=\"wp-image-312\" srcset=\"https:\/\/brains.dnac.org\/2022\/wp-content\/uploads\/2022\/09\/program-1024x658.jpg 1024w, https:\/\/brains.dnac.org\/2022\/wp-content\/uploads\/2022\/09\/program-300x193.jpg 300w, https:\/\/brains.dnac.org\/2022\/wp-content\/uploads\/2022\/09\/program-768x493.jpg 768w, https:\/\/brains.dnac.org\/2022\/wp-content\/uploads\/2022\/09\/program.jpg 1093w\" sizes=\"(max-width: 1024px) 100vw, 1024px\" \/><\/figure>\n\n\n<div class=\"frame\">\n<table width=\"100%\">\n<tbody>\n<tr>\n<td class=\"programTitleTD\" colspan=\"2\" width=\"100%\">\n<h3 class=\"programTitleH3\"><span style=\"color: #4973f2;\"><strong>Day 1 \u2013 Tuesday September 27, 2022\u00a0<\/strong><\/span><\/h3>\n<\/td>\n<\/tr>\n<tr>\n<td width=\"15%\">\n<p><strong>Time<\/strong><\/p>\n<\/td>\n<td width=\"85%\">\n<p><strong>Event<\/strong><\/p>\n<\/td>\n<\/tr>\n<tr>\n<td width=\"15%\">\n<p>1:30 \u2013 2:00 pm<\/p>\n<\/td>\n<td width=\"85%\">\n<p><strong>Registration<\/strong><\/p>\n<\/td>\n<\/tr>\n<tr>\n<td width=\"15%\">\n<p>2:00 \u2013 3:00 Pm<\/p>\n<\/td>\n<td width=\"85%\">\n<p><span style=\"color: #3366ff;\"><strong>Tutorial: DeFi Building Blocks (Part I)<\/strong><\/span><br \/><em>Lewis Gudgeon &amp; Sam Werner (Imperial College, UK)<\/em><\/p>\n<\/td>\n<\/tr>\n<tr>\n<td width=\"15%\">\n<p>3:00 \u2013 3:30 pm<\/p>\n<\/td>\n<td width=\"85%\">\n<p><strong>Coffee break<\/strong><\/p>\n<\/td>\n<\/tr>\n<tr>\n<td width=\"15%\">\n<p>3:30 \u2013 4:30 pm<\/p>\n<\/td>\n<td width=\"85%\">\n<p><span style=\"color: #3366ff;\"><strong>Tutorial: DeFi Building Blocks (Part II)<br \/><\/strong><\/span><em>Lewis Gudgeon &amp; Sam Werner (Imperial College, UK)<\/em><\/p>\n<\/td>\n<\/tr>\n<\/tbody>\n<\/table>\n<\/div>\n<div class=\"frame\">\n<table width=\"100%\">\n<tbody>\n<tr>\n<td class=\"programTitleTD\" colspan=\"2\" width=\"100%\">\n<h3 class=\"programTitleH3\"><strong><span style=\"color: #4973f2;\">Day 2 \u2013 Wednesday September 28, 2022<\/span>\u00a0<\/strong><\/h3>\n<\/td>\n<\/tr>\n<tr>\n<td width=\"15%\">\n<p><strong>Time<\/strong><\/p>\n<\/td>\n<td width=\"85%\">\n<p><strong>Event<\/strong><\/p>\n<\/td>\n<\/tr>\n<tr>\n<td width=\"15%\">\n<p>9:45 \u2013 10:00 am<\/p>\n<\/td>\n<td width=\"85%\">\n<p><span style=\"color: #3366ff;\"><strong>Welcome &amp; Opening Ceremony<br \/><\/strong><\/span><em><b>William Knottenbelt <\/b>&amp; <b>Marta Beltr\u00e1n Pardo<\/b> (General Chairs)<\/em><\/p>\n<\/td>\n<\/tr>\n<tr>\n<td width=\"15%\">\n<p>10:00 \u2013 11:00 am<\/p>\n<\/td>\n<td width=\"85%\">\n<p><strong><em>Keynote Speaker 1: <a href=\"https:\/\/brains.dnac.org\/2022\/keynotes\/\">Manuel M T Chakravarty<\/a><\/em><\/strong><em><br \/><\/em> <strong> <em>Title:<\/em> Do Contracts Need Accounts?<br \/>Chair: Katinka Wolter<\/strong><\/p>\n<\/td>\n<\/tr>\n<tr>\n<td width=\"15%\">\n<p>11:00 am \u2013 11:30 pm<\/p>\n<\/td>\n<td width=\"85%\">\n<p><b><i>Coffee Break<\/i><\/b><\/p>\n<\/td>\n<\/tr>\n<tr>\n<td width=\"15%\">\n<p>11:30 am \u2013 12:15 pm<\/p>\n<\/td>\n<td width=\"85%\">\n<p><span style=\"color: #3366ff;\"><strong>Technical Session #1: <\/strong>Data analysis<strong><br \/><\/strong><\/span><strong><em>Chair:<\/em><\/strong> <em><strong>Katinka Wolter<br \/><\/strong><br \/><strong>1. Performance and cost evaluation of public blockchain: NFT Marketplace Case Study<br \/><\/strong>Mohammadreza Rasolroveicy\u00a0and\u00a0Marios-Eleftherios Fokaefs (Polytechnique Montr\u00e9al, Canada)<br \/><\/em><\/p>\n<p><em><strong>2. To Fork or Not To Fork? Bitcoin Forks&#8217; Success Analysis Using Twitter Data: Preliminary Results<br \/><\/strong>Sarah Bouraga\u00a0(University of Namur, Belgium)<strong><br \/><\/strong><\/em><\/p>\n<\/td>\n<\/tr>\n<tr>\n<td width=\"15%\">\n<p>12:15 \u2013 1:30 pm<\/p>\n<\/td>\n<td width=\"85%\">\n<p><b><i>Lunch Break<\/i><\/b><\/p>\n<\/td>\n<\/tr>\n<tr>\n<td width=\"15%\">\n<p>1:30 \u2013 2:45 pm<\/p>\n<\/td>\n<td width=\"85%\">\n<p><span style=\"color: #3366ff;\"><strong>Technical Session #2:<\/strong>Blockchain Fundamentals<\/span><br \/><strong><em>Chair:<\/em><\/strong> <em><strong>Will Knottenbelt<br \/><\/strong><br \/><\/em><strong>1. Simulation study of Sycomore++, a self-adapting graph-based permissionless distributed ledger<br \/><\/strong><em>Aimen Djari\u00a0(Universit\u00e9 Paris-Saclay, CEA, LIST, Palaiseau, France);\u00a0Emmanuelle Anceaume\u00a0(IRISA, France);\u00a0Sara Tucci-Piergiovanni (CEA LIST, France)<br \/><\/em><strong>2. A Rational Mining Strategy for Proof-of-Work Consensus Algorithms<br \/><\/strong><em>Mariano Basile,\u00a0Gianluca Dini,\u00a0Giovanni Nardini\u00a0and\u00a0Pericle Perazzo (University of Pisa, Italy)<br \/><\/em><strong>3. Optimizing multi-party agreement protocols<br \/><\/strong><em>Ivan Fedotov\u00a0(Moscow Institute of Physics and Technology, Russia);\u00a0Artem Barger\u00a0(Idea Blockchain Research Lab, Israel);\u00a0Anton Khritankov\u00a0(Moscow Institute of Physics and Technology, Russia)<\/em><\/p>\n<\/td>\n<\/tr>\n<tr>\n<td width=\"15%\">\n<p>2:45 &#8211; 3:15 pm<\/p>\n<\/td>\n<td width=\"85%\">\n<p><strong>Coffee break<\/strong><\/p>\n<\/td>\n<\/tr>\n<tr>\n<td width=\"15%\">\n<p>3:15 \u2013 4:15 pm<\/p>\n<\/td>\n<td width=\"85%\">\n<p><span style=\"color: #3366ff;\"><strong>Technical Session #3:<\/strong>Access control and industrial applications<\/span><br \/><strong><em>Chair:<\/em><em> Artem Barger<br \/><\/em><\/strong><em><br \/><\/em> <strong>1. Collaborative Administration of Role-Based Access Control in Smart Contracts<\/strong><strong><br \/><\/strong><em>Stefan Cra\u00df,\u00a0Andreas Lackner,\u00a0Nedim Begic\u00a0and\u00a0Seyed Amid Moeinzadeh Mirhosseini\u00a0(ABC Research GmbH, Austria);\u00a0Nicolas Kirchmayr\u00a0(Hae. sh, Austria)<\/em><\/p>\n<p><strong>2. Enhancing Trust in Industry 4.0 Traceability Data using Confidentiality-Preserving Digital Ledger<\/strong><strong><br \/><\/strong>Valentin Mullet,\u00a0Patrick Sondi\u00a0and\u00a0Eric Ramat\u00a0(Universit\u00e9 du Littoral C\u00f4te d&#8217;Opale, France)<\/p>\n<p><strong>3. A Distributed Calibration Certificate Infrastructure<\/strong><strong><br \/><\/strong>Jakob Schaerer\u00a0and\u00a0Torsten Ingo Braun\u00a0(University of Bern, Switzerland)<\/p>\n<\/td>\n<\/tr>\n<tr>\n<td width=\"15%\">\n<p>8:15 pm<\/p>\n<\/td>\n<td width=\"85%\">\n<p><strong>Gala Dinner Cruise at <em>&#8220;Le Capitaine Fracasse&#8221;<\/em><\/strong><\/p>\n<\/td>\n<\/tr>\n<\/tbody>\n<\/table>\n<\/div>\n<div class=\"frame\">\n<table width=\"100%\">\n<tbody>\n<tr>\n<td class=\"programTitleTD\" colspan=\"2\" width=\"100%\">\n<h3 class=\"programTitleH3\"><strong><span style=\"color: #4973f2;\">Day 3 \u2013 Thursday September 29, 2022<\/span>\u00a0<\/strong><\/h3>\n<\/td>\n<\/tr>\n<tr>\n<td width=\"15%\">\n<p><strong>Time<\/strong><\/p>\n<\/td>\n<td width=\"85%\">\n<p><strong>Event<\/strong><\/p>\n<\/td>\n<\/tr>\n<tr>\n<td width=\"15%\">\n<p>10:00 \u2013 11:00 am<\/p>\n<\/td>\n<td width=\"85%\">\n<p><strong><em>Keynote Speaker 2: <\/em><\/strong><a href=\"https:\/\/brains.dnac.org\/2022\/keynotes\/\">Marko Vukoli\u0107<\/a><br \/><strong><em>Title:<\/em> A vision for decentralized computing<br \/><\/strong><strong>Chair: Yvonne-Anne Pignolet<\/strong><\/p>\n<\/td>\n<\/tr>\n<tr>\n<td width=\"15%\">\n<p>11:00 \u2013 11:30 am<\/p>\n<\/td>\n<td width=\"85%\">\n<p><strong>Coffee break<\/strong><\/p>\n<\/td>\n<\/tr>\n<tr>\n<td width=\"15%\">\n<p>11:30 am \u2013 12:45 pm<\/p>\n<\/td>\n<td width=\"85%\">\n<p><span style=\"color: #0000ff;\"><strong>Technical Session #4:<\/strong> Fundamentals<\/span><br \/><strong> <em>Chair: Stefan Crass<br \/><br \/><\/em> 1. MeritRank: Sybil Tolerant Reputation for Merit-based Tokenomics<br \/><\/strong><em>Bulat Nasrulin,\u00a0Georgy Ishmaev\u00a0and\u00a0Johan Pouwelse\u00a0(Delft University of Technology, The Netherlands)<\/em><\/p>\n<p><strong>2. Byzantine Fault-Tolerant Time in Hyperledger Fabric<br \/><\/strong><em>Aleksandr Filippov\u00a0(Sber Blockchain Lab, Israel);\u00a0Artem Barger\u00a0(Idea Blockchain Research Lab, Israel);\u00a0Vladimir Popov\u00a0and\u00a0Oleg Abdrashitov\u00a0(Sber Blockchain Lab, Israel)<\/em><\/p>\n<p><strong>3.Algorithmic balancing of hashrate in a Proof-of-Work (PoW) consensus protocol (Short Paper)<br \/><\/strong><em>Alexander P Hobbs (Zenotta AG, Switzerland)<\/em><\/p>\n<\/td>\n<\/tr>\n<tr>\n<td width=\"15%\">\n<p>12:45 &#8211; 2:00 pm<\/p>\n<\/td>\n<td width=\"85%\">\n<p><strong>Lunch Break<\/strong><\/p>\n<\/td>\n<\/tr>\n<tr>\n<td width=\"15%\">\u00a0<\/td>\n<td width=\"85%\">\u00a0<\/td>\n<\/tr>\n<tr>\n<td width=\"15%\">\n<p>2:00 \u2013 3:15 pm<\/p>\n<\/td>\n<td width=\"85%\">\n<p><span style=\"color: #0000ff;\"><strong>Technical Session #5:<\/strong> Decentralized Finance and tokenomics<br \/><\/span><strong><em>Chair: Sarah Bouraga<br \/><br \/><\/em> 1. DePhi: Decentralizing Philanthropy via Blockchain for Traceable Micro-transactions<br \/><\/strong>Vikas Jaiman\u00a0and\u00a0Visara Urovi\u00a0(Maastricht University, The Netherlands);\u00a0Alfa Yohannis\u00a0(University of York, United Kingdom (Great Britain));\u00a0Pietro Piccini,\u00a0Enrique Mikelarena\u00a0and\u00a0Bogdan Covrig\u00a0(Maastricht University, The Netherlands);\u00a0Catalina Goanta\u00a0(Utrecht University, The Netherlands)<\/p>\n<p><strong>2. Debt-Financed Collateral and Stability Risks in the DeFi Ecosystem<br \/><\/strong>Michael Darlin\u00a0and\u00a0Georgios Palaiokrassas\u00a0(Yale University &amp; Yale Institute for Network Science, USA);\u00a0Leandros Tassiulas\u00a0(Yale University, USA)<\/p>\n<p><strong>3. Depolymerization Project: Tokenization of Blockchains (Short Paper)<br \/><\/strong>Antoine d&#8217;Aligny\u00a0(EFREI Paris, France);\u00a0Emmanuel Benoist\u00a0and\u00a0Christian Grothoff\u00a0(Bern University of Applied Sciences, Switzerland)<\/p>\n<\/td>\n<\/tr>\n<tr>\n<td width=\"15%\">\n<p>3:15 \u2013 3:45 pm<\/p>\n<\/td>\n<td width=\"85%\">\n<p><strong>Coffee break<\/strong><\/p>\n<\/td>\n<\/tr>\n<tr>\n<td width=\"15%\">\n<p>3:45 pm \u2013 4:30 pm<\/p>\n<\/td>\n<td width=\"85%\">\n<p><span style=\"color: #0000ff;\"><strong>Technical Session #6:<\/strong> Games, sharing and learning<\/span><br \/><strong> <em>Chair: Alfa Yohannis<br \/><br \/><\/em> 1. Decentralized NFT-based Evolvable Games<br \/><\/strong>Christos Karapapas,\u00a0Georgios Syros,\u00a0Iakovos Pittaras\u00a0and\u00a0George C. Polyzos\u00a0(Athens University of Economics and Business, Greece)<\/p>\n<p><strong>2. BeSharing: A Copyright-aware Blockchain-enabled Knowledge Sharing Platform (Demo Paper)<br \/><\/strong>Chenxiao Guo\u00a0(University of Glasgow, United Kingdom (Great Britain));\u00a0Zihan Zhou\u00a0(Univesrity of Glasgow, United Kingdom (Great Britain));\u00a0Hao Xu\u00a0(University of Glasgow &amp; Huawei Technologies, United Kingdom (Great Britain));\u00a0Yixuan Fan,\u00a0Xiaoshuai Zhang\u00a0and\u00a0Lei Zhang (University of Glasgow, United Kingdom (Great Britain)<\/p>\n<\/td>\n<\/tr>\n<\/tbody>\n<\/table>\n<\/div>\n<div class=\"frame\">\n<table width=\"100%\">\n<tbody>\n<tr>\n<td class=\"programTitleTD\" colspan=\"2\" width=\"100%\">\n<h3 class=\"programTitleH3\"><span style=\"color: #4973f2;\"><strong>Day 4 \u2013 Friday September 30, 2022\u00a0<\/strong><\/span><\/h3>\n<\/td>\n<\/tr>\n<tr>\n<td width=\"15%\">\n<p><strong>Time<\/strong><\/p>\n<\/td>\n<td width=\"85%\">\n<p><strong>Event<\/strong><\/p>\n<\/td>\n<\/tr>\n<tr>\n<td width=\"15%\">\n<p>10:00 \u2013 11:00 am<\/p>\n<\/td>\n<td width=\"85%\">\n<p><strong><em>Keynote Speaker 3: <a href=\"https:\/\/brains.dnac.org\/2022\/keynotes\/\">Emmanuelle Anceaume<\/a><br \/><\/em><\/strong><strong><em>Title:<\/em> Abstractions for permissionless fault tolerant distributed systems<br \/>Chair: Yvonne-Anne Pignolet<\/strong><\/p>\n<\/td>\n<\/tr>\n<tr>\n<td width=\"15%\">\n<p>11:00 \u2013 11:30 am<\/p>\n<\/td>\n<td width=\"85%\">\n<p><strong>Coffee break<\/strong><\/p>\n<\/td>\n<\/tr>\n<tr>\n<td width=\"15%\">\n<p>11:30 am \u2013 12:15 pm<\/p>\n<\/td>\n<td width=\"85%\">\n<p><span style=\"color: #0000ff;\"><strong>Technical Session #7:<\/strong> Mobile Communication<\/span><br \/><strong> <em>Chair: Fariba Ghaffar<br \/><br \/><\/em> 1. Distributed Ledger Technologies for Cellular Networks and Beyond 5G: a survey<br \/><\/strong>Meroua Moussaoui\u00a0(Orange Labs, Institut Polytechnique de Paris, IMT, Telecom SudParis, France);\u00a0Emmanuel Bertin\u00a0(Orange Labs, France);\u00a0Noel Crespi\u00a0(Institut Mines-T\u00e9l\u00e9com, T\u00e9l\u00e9com SudParis, France);\u00a0Nischal Aryal\u00a0(Orange Telecom, Institut Polytechnique de Paris, IMT, Telecom SudParis, France)<\/p>\n<p><strong>2. Blockchain-based User Profile and Mobile Number Portability for Beyond 5G Mobile Communication Networks<br \/><\/strong>Fariba Ghaffari\u00a0and\u00a0Emmanuel Bertin\u00a0(Orange Labs, France);\u00a0Noel Crespi\u00a0(Institut Mines-T\u00e9l\u00e9com, T\u00e9l\u00e9com SudParis, France)<\/p>\n<\/td>\n<\/tr>\n<tr>\n<td width=\"15%\">\n<p>12:15 &#8211; 12:30 pm<\/p>\n<\/td>\n<td width=\"85%\">\n<p><strong>Closing Conference\u00a0<\/strong><\/p>\n<\/td>\n<\/tr>\n<\/tbody>\n<\/table>\n<\/div>\n\n\n<p><\/p>\n","protected":false},"excerpt":{"rendered":"<p>Technical Program of the 4th Conference &hellip; <a href=\"https:\/\/brains.dnac.org\/2022\/program\/\">Continue reading <span class=\"meta-nav\">&rarr;<\/span><\/a><\/p>\n","protected":false},"author":1,"featured_media":0,"parent":0,"menu_order":0,"comment_status":"closed","ping_status":"closed","template":"","meta":[],"yoast_head":"<!-- This site is optimized with the Yoast SEO plugin v19.13 - https:\/\/yoast.com\/wordpress\/plugins\/seo\/ -->\n<title>Program - BRAINS 2022<\/title>\n<meta name=\"robots\" content=\"index, follow, max-snippet:-1, max-image-preview:large, max-video-preview:-1\" \/>\n<link rel=\"canonical\" href=\"https:\/\/brains.dnac.org\/2022\/program\/\" \/>\n<meta property=\"og:locale\" content=\"en_US\" \/>\n<meta property=\"og:type\" content=\"article\" \/>\n<meta property=\"og:title\" content=\"Program - BRAINS 2022\" \/>\n<meta property=\"og:description\" content=\"Technical Program of the 4th Conference &hellip; Continue reading &rarr;\" \/>\n<meta property=\"og:url\" content=\"https:\/\/brains.dnac.org\/2022\/program\/\" \/>\n<meta property=\"og:site_name\" content=\"BRAINS 2022\" \/>\n<meta property=\"article:modified_time\" content=\"2022-09-29T09:01:20+00:00\" \/>\n<meta property=\"og:image\" content=\"https:\/\/brains.dnac.org\/2022\/wp-content\/uploads\/2022\/09\/program-1024x658.jpg\" \/>\n<meta name=\"twitter:card\" content=\"summary_large_image\" \/>\n<meta name=\"twitter:site\" content=\"@Dnac_conference\" \/>\n<meta name=\"twitter:label1\" content=\"Est. reading time\" \/>\n\t<meta name=\"twitter:data1\" content=\"4 minutes\" \/>\n<script type=\"application\/ld+json\" class=\"yoast-schema-graph\">{\"@context\":\"https:\/\/schema.org\",\"@graph\":[{\"@type\":\"WebPage\",\"@id\":\"https:\/\/brains.dnac.org\/2022\/program\/\",\"url\":\"https:\/\/brains.dnac.org\/2022\/program\/\",\"name\":\"Program - BRAINS 2022\",\"isPartOf\":{\"@id\":\"https:\/\/brains.dnac.org\/2022\/#website\"},\"datePublished\":\"2022-08-30T16:02:58+00:00\",\"dateModified\":\"2022-09-29T09:01:20+00:00\",\"breadcrumb\":{\"@id\":\"https:\/\/brains.dnac.org\/2022\/program\/#breadcrumb\"},\"inLanguage\":\"en-US\",\"potentialAction\":[{\"@type\":\"ReadAction\",\"target\":[\"https:\/\/brains.dnac.org\/2022\/program\/\"]}]},{\"@type\":\"BreadcrumbList\",\"@id\":\"https:\/\/brains.dnac.org\/2022\/program\/#breadcrumb\",\"itemListElement\":[{\"@type\":\"ListItem\",\"position\":1,\"name\":\"Home\",\"item\":\"https:\/\/brains.dnac.org\/2022\/\"},{\"@type\":\"ListItem\",\"position\":2,\"name\":\"Program\"}]},{\"@type\":\"WebSite\",\"@id\":\"https:\/\/brains.dnac.org\/2022\/#website\",\"url\":\"https:\/\/brains.dnac.org\/2022\/\",\"name\":\"BRAINS 2022\",\"description\":\"4th Conference on Blockchain Research &amp; Applications for Innovative Networks and Services \",\"publisher\":{\"@id\":\"https:\/\/brains.dnac.org\/2022\/#organization\"},\"potentialAction\":[{\"@type\":\"SearchAction\",\"target\":{\"@type\":\"EntryPoint\",\"urlTemplate\":\"https:\/\/brains.dnac.org\/2022\/?s={search_term_string}\"},\"query-input\":\"required name=search_term_string\"}],\"inLanguage\":\"en-US\"},{\"@type\":\"Organization\",\"@id\":\"https:\/\/brains.dnac.org\/2022\/#organization\",\"name\":\"DNAC\",\"url\":\"https:\/\/brains.dnac.org\/2022\/\",\"logo\":{\"@type\":\"ImageObject\",\"inLanguage\":\"en-US\",\"@id\":\"https:\/\/brains.dnac.org\/2022\/#\/schema\/logo\/image\/\",\"url\":\"https:\/\/brains.dnac.org\/2022\/wp-content\/uploads\/2022\/01\/Logo_DNAC_Haut_Res-300x118-1.png\",\"contentUrl\":\"https:\/\/brains.dnac.org\/2022\/wp-content\/uploads\/2022\/01\/Logo_DNAC_Haut_Res-300x118-1.png\",\"width\":300,\"height\":118,\"caption\":\"DNAC\"},\"image\":{\"@id\":\"https:\/\/brains.dnac.org\/2022\/#\/schema\/logo\/image\/\"},\"sameAs\":[\"https:\/\/twitter.com\/Dnac_conference\"]}]}<\/script>\n<!-- \/ Yoast SEO plugin. -->","yoast_head_json":{"title":"Program - BRAINS 2022","robots":{"index":"index","follow":"follow","max-snippet":"max-snippet:-1","max-image-preview":"max-image-preview:large","max-video-preview":"max-video-preview:-1"},"canonical":"https:\/\/brains.dnac.org\/2022\/program\/","og_locale":"en_US","og_type":"article","og_title":"Program - BRAINS 2022","og_description":"Technical Program of the 4th Conference &hellip; Continue reading &rarr;","og_url":"https:\/\/brains.dnac.org\/2022\/program\/","og_site_name":"BRAINS 2022","article_modified_time":"2022-09-29T09:01:20+00:00","og_image":[{"url":"https:\/\/brains.dnac.org\/2022\/wp-content\/uploads\/2022\/09\/program-1024x658.jpg"}],"twitter_card":"summary_large_image","twitter_site":"@Dnac_conference","twitter_misc":{"Est. reading time":"4 minutes"},"schema":{"@context":"https:\/\/schema.org","@graph":[{"@type":"WebPage","@id":"https:\/\/brains.dnac.org\/2022\/program\/","url":"https:\/\/brains.dnac.org\/2022\/program\/","name":"Program - BRAINS 2022","isPartOf":{"@id":"https:\/\/brains.dnac.org\/2022\/#website"},"datePublished":"2022-08-30T16:02:58+00:00","dateModified":"2022-09-29T09:01:20+00:00","breadcrumb":{"@id":"https:\/\/brains.dnac.org\/2022\/program\/#breadcrumb"},"inLanguage":"en-US","potentialAction":[{"@type":"ReadAction","target":["https:\/\/brains.dnac.org\/2022\/program\/"]}]},{"@type":"BreadcrumbList","@id":"https:\/\/brains.dnac.org\/2022\/program\/#breadcrumb","itemListElement":[{"@type":"ListItem","position":1,"name":"Home","item":"https:\/\/brains.dnac.org\/2022\/"},{"@type":"ListItem","position":2,"name":"Program"}]},{"@type":"WebSite","@id":"https:\/\/brains.dnac.org\/2022\/#website","url":"https:\/\/brains.dnac.org\/2022\/","name":"BRAINS 2022","description":"4th Conference on Blockchain Research &amp; Applications for Innovative Networks and Services ","publisher":{"@id":"https:\/\/brains.dnac.org\/2022\/#organization"},"potentialAction":[{"@type":"SearchAction","target":{"@type":"EntryPoint","urlTemplate":"https:\/\/brains.dnac.org\/2022\/?s={search_term_string}"},"query-input":"required name=search_term_string"}],"inLanguage":"en-US"},{"@type":"Organization","@id":"https:\/\/brains.dnac.org\/2022\/#organization","name":"DNAC","url":"https:\/\/brains.dnac.org\/2022\/","logo":{"@type":"ImageObject","inLanguage":"en-US","@id":"https:\/\/brains.dnac.org\/2022\/#\/schema\/logo\/image\/","url":"https:\/\/brains.dnac.org\/2022\/wp-content\/uploads\/2022\/01\/Logo_DNAC_Haut_Res-300x118-1.png","contentUrl":"https:\/\/brains.dnac.org\/2022\/wp-content\/uploads\/2022\/01\/Logo_DNAC_Haut_Res-300x118-1.png","width":300,"height":118,"caption":"DNAC"},"image":{"@id":"https:\/\/brains.dnac.org\/2022\/#\/schema\/logo\/image\/"},"sameAs":["https:\/\/twitter.com\/Dnac_conference"]}]}},"_links":{"self":[{"href":"https:\/\/brains.dnac.org\/2022\/wp-json\/wp\/v2\/pages\/209"}],"collection":[{"href":"https:\/\/brains.dnac.org\/2022\/wp-json\/wp\/v2\/pages"}],"about":[{"href":"https:\/\/brains.dnac.org\/2022\/wp-json\/wp\/v2\/types\/page"}],"author":[{"embeddable":true,"href":"https:\/\/brains.dnac.org\/2022\/wp-json\/wp\/v2\/users\/1"}],"replies":[{"embeddable":true,"href":"https:\/\/brains.dnac.org\/2022\/wp-json\/wp\/v2\/comments?post=209"}],"version-history":[{"count":51,"href":"https:\/\/brains.dnac.org\/2022\/wp-json\/wp\/v2\/pages\/209\/revisions"}],"predecessor-version":[{"id":342,"href":"https:\/\/brains.dnac.org\/2022\/wp-json\/wp\/v2\/pages\/209\/revisions\/342"}],"wp:attachment":[{"href":"https:\/\/brains.dnac.org\/2022\/wp-json\/wp\/v2\/media?parent=209"}],"curies":[{"name":"wp","href":"https:\/\/api.w.org\/{rel}","templated":true}]}}