{"id":193,"date":"2021-04-12T09:22:59","date_gmt":"2021-04-12T09:22:59","guid":{"rendered":"https:\/\/brains.dnac.org\/?page_id=193"},"modified":"2021-04-12T09:25:49","modified_gmt":"2021-04-12T09:25:49","slug":"technical-program-committee","status":"publish","type":"page","link":"https:\/\/brains.dnac.org\/2021\/technical-program-committee\/","title":{"rendered":"Technical Program Committee"},"content":{"rendered":"\n<h3><strong>BRAINS 2021 TPC Members <\/strong><\/h3>\n\n\n\n<p><\/p>\n\n\n\n<figure class=\"wp-block-table\"><table><tbody><tr><td>Isaac<\/td><td>Agudo Ruiz<\/td><td>University of Malaga<\/td><td>Spain<\/td><\/tr><tr><td>Lennart<\/td><td>Ante<\/td><td>Blockchain Research Lab<\/td><td>Germany<\/td><\/tr><tr><td>Maria<\/td><td>Apostolaki<\/td><td>ETH Zurich<\/td><td>Switzerland<\/td><\/tr><tr><td>Shin&#8217;ichi<\/td><td>Arakawa<\/td><td>Osaka University<\/td><td>Japan<\/td><\/tr><tr><td>Youakim<\/td><td>Badr<\/td><td>INSA Lyon<\/td><td>France<\/td><\/tr><tr><td>Artem<\/td><td>Barger<\/td><td>IBM Research<\/td><td>Israel<\/td><\/tr><tr><td>Abderrahim<\/td><td>Benslimane<\/td><td>University of Avignon<\/td><td>France<\/td><\/tr><tr><td>Emmanuel<\/td><td>Bertin<\/td><td>Orange Labs<\/td><td>France<\/td><\/tr><tr><td>Thomas<\/td><td>Bocek<\/td><td>University of Zurich<\/td><td>Switzerland<\/td><\/tr><tr><td>Nicolas<\/td><td>Cantu<\/td><td>Chain Accelerator<\/td><td>France<\/td><\/tr><tr><td>Richard<\/td><td>Chbeir<\/td><td>LIUPPA &#8211; University Pau &amp; Pays Adour<\/td><td>France<\/td><\/tr><tr><td>Li<\/td><td>Chen<\/td><td>University of Louisiana at Lafayette<\/td><td>USA<\/td><\/tr><tr><td>Shiping<\/td><td>Chen<\/td><td>Commonwealth Scientific and Industrial Research Organisation<\/td><td>Australia<\/td><\/tr><tr><td>Thibault<\/td><td>Cholez<\/td><td>LORIA \/ INRIA Nancy &#8211; Grand Est<\/td><td>France<\/td><\/tr><tr><td>Vanesa<\/td><td>Daza Fern\u00e1ndez<\/td><td>Universitat Pompeu Fabra<\/td><td>Spain<\/td><\/tr><tr><td>Nour<\/td><td>El Madhoun<\/td><td>EPITA Engineering School<\/td><td>France<\/td><\/tr><tr><td>Paula<\/td><td>Fraga-Lamas<\/td><td>University of A Coru\u00f1a<\/td><td>Spain<\/td><\/tr><tr><td>Carol<\/td><td>Fung<\/td><td>Virginia Commonwealth University<\/td><td>USA<\/td><\/tr><tr><td>Peng<\/td><td>Gao<\/td><td>University of California, Berkeley<\/td><td>USA<\/td><\/tr><tr><td>Joaquin<\/td><td>Garcia-Alfaro<\/td><td>Institut Mines-Telecom<\/td><td>France<\/td><\/tr><tr><td>Seth<\/td><td>Harding<\/td><td>National Taiwan University<\/td><td>Taiwan<\/td><\/tr><tr><td>Baptiste<\/td><td>Hemery<\/td><td>Orange<\/td><td>France<\/td><\/tr><tr><td>James<\/td><td>Hong<\/td><td>POSTECH<\/td><td>Korea (South)<\/td><\/tr><tr><td>Hanen<\/td><td>Idoudi<\/td><td>National School of Computer Science &#8211; University of Manouba<\/td><td>Tunisia<\/td><\/tr><tr><td>Arno<\/td><td>Jacobsen<\/td><td>University of Toronto<\/td><td>Canada<\/td><\/tr><tr><td>Lei<\/td><td>Jiao<\/td><td>University of Oregon<\/td><td>USA<\/td><\/tr><tr><td>Sandra<\/td><td>Johnson<\/td><td>ConsenSys<\/td><td>Australia<\/td><\/tr><tr><td>Rida<\/td><td>Khatoun<\/td><td>Telecom ParisTech<\/td><td>France<\/td><\/tr><tr><td>Yuki<\/td><td>Koizumi<\/td><td>Osaka University<\/td><td>Japan<\/td><\/tr><tr><td>Maryline<\/td><td>Laurent<\/td><td>Institut Mines-T\u00e9l\u00e9com, T\u00e9l\u00e9com SudParis<\/td><td>France<\/td><\/tr><tr><td>Changqing<\/td><td>Luo<\/td><td>Virginia Commonwealth University<\/td><td>USA<\/td><\/tr><tr><td>Shin&#8217;ichiro<\/td><td>Matsuo<\/td><td>NTT Research<\/td><td>USA<\/td><\/tr><tr><td>Daniel<\/td><td>Menasch\u00e9<\/td><td>Federal University of Rio de Janeiro<\/td><td>Brazil<\/td><\/tr><tr><td>J\u00e9ferson<\/td><td>Nobre<\/td><td>Federal University of Rio Grande do Sul<\/td><td>Brazil<\/td><\/tr><tr><td>Aafaf<\/td><td>Ouaddah<\/td><td>INPT, RABAT\/RAISS<\/td><td>Morocco<\/td><\/tr><tr><td>Hye-young<\/td><td>Paik<\/td><td>University of New South Wales<\/td><td>Australia<\/td><\/tr><tr><td>Dongming<\/td><td>Peng<\/td><td>University of Nebraska-Lincoln<\/td><td>USA<\/td><\/tr><tr><td>Krzysztof<\/td><td>Piech<\/td><td>Lazarski University<\/td><td>Poland<\/td><\/tr><tr><td>Maria<\/td><td>Potop-Butucaru<\/td><td>Sorbonne University<\/td><td>France<\/td><\/tr><tr><td>Guy<\/td><td>Pujolle<\/td><td>Sorbonne University<\/td><td>France<\/td><\/tr><tr><td>Mohammad<\/td><td>Rahman<\/td><td>Florida International University<\/td><td>USA<\/td><\/tr><tr><td>Venkatraman<\/td><td>Ramakrishna<\/td><td>IBM India Research Lab<\/td><td>India<\/td><\/tr><tr><td>Khouloud<\/td><td>Salameh<\/td><td>American University of Ras Al Khaimah<\/td><td>UAE<\/td><\/tr><tr><td>Stefano<\/td><td>Secci<\/td><td>Cnam<\/td><td>France<\/td><\/tr><tr><td>Jean-Marc<\/td><td>Seigneur<\/td><td>University of Geneva<\/td><td>Switzerland<\/td><\/tr><tr><td>Motoyoshi<\/td><td>Sekiya<\/td><td>Fujitsu Laboratories Limited<\/td><td>Japan<\/td><\/tr><tr><td>Wazen<\/td><td>Shbair<\/td><td>University of Luxembourg<\/td><td>Luxembourg<\/td><\/tr><tr><td>Weidong (Larry)<\/td><td>Shi<\/td><td>University of Houston<\/td><td>USA<\/td><\/tr><tr><td>Ryoichi<\/td><td>Shinkuma<\/td><td>Shibaura Institute of Technology<\/td><td>Japan<\/td><\/tr><tr><td>Kazuyuki<\/td><td>Shudo<\/td><td>Tokyo Institute of Technology<\/td><td>Japan<\/td><\/tr><tr><td>Kalpana<\/td><td>Singh<\/td><td>IRT SystemX<\/td><td>France<\/td><\/tr><tr><td>Xiang<\/td><td>Sun<\/td><td>University of New Mexico<\/td><td>USA<\/td><\/tr><tr><td>Davor<\/td><td>Svetinovic<\/td><td>Khalifa University of Science and Technology<\/td><td>United Arab Emirates<\/td><\/tr><tr><td>Joe<\/td><td>Tekli<\/td><td>Lebanese American University<\/td><td>Lebanon<\/td><\/tr><tr><td>Hitesh<\/td><td>Tewari<\/td><td>Trinity College Dublin<\/td><td>Ireland<\/td><\/tr><tr><td>Jenny<\/td><td>Torres<\/td><td>Escuela Polit\u00e9cnica Nacional<\/td><td>Ecuador<\/td><\/tr><tr><td>Philip<\/td><td>Treleaven<\/td><td>University College London<\/td><td>United Kingdom (Great Britain)<\/td><\/tr><tr><td>Eirini Eleni<\/td><td>Tsiropoulou<\/td><td>University of New Mexico<\/td><td>USA<\/td><\/tr><tr><td>Mueen<\/td><td>Uddin<\/td><td>Universiti Brunei Darussalam<\/td><td>Brunei Darussalam<\/td><\/tr><tr><td>Ron<\/td><td>van der Meyden<\/td><td>UNSW<\/td><td>Australia<\/td><\/tr><tr><td>Aad<\/td><td>van Moorsel<\/td><td>University of Newcastle upon Tyne<\/td><td>United Kingdom (Great Britain)<\/td><\/tr><tr><td>Xuyu<\/td><td>Wang<\/td><td>California State University, Sacramento<\/td><td>USA<\/td><\/tr><tr><td>Sam<\/td><td>Werner<\/td><td>Imperial College London<\/td><td>United Kingdom (Great Britain)<\/td><\/tr><tr><td>Kevin<\/td><td>Wittek<\/td><td>Institute for Internet Security<\/td><td>Germany<\/td><\/tr><tr><td>Katinka<\/td><td>Wolter<\/td><td>Free University of Berlin<\/td><td>Germany<\/td><\/tr><tr><td>Kaiping<\/td><td>Xue<\/td><td>University of Science and Technology of China<\/td><td>China<\/td><\/tr><tr><td>Shen<\/td><td>Yan<\/td><td>Huawei Technologies Co., Ltd<\/td><td>China<\/td><\/tr><tr><td>Sherali<\/td><td>Zeadally<\/td><td>University of Kentucky<\/td><td>USA<\/td><\/tr><tr><td>Avelino<\/td><td>Zorzo<\/td><td>PUCRS<\/td><td>Brazil<\/td><\/tr><\/tbody><\/table><\/figure>\n","protected":false},"excerpt":{"rendered":"<p>BRAINS 2021 TPC Members Isaac Agudo &hellip; <a href=\"https:\/\/brains.dnac.org\/2021\/technical-program-committee\/\">Continue reading <span class=\"meta-nav\">&rarr;<\/span><\/a><\/p>\n","protected":false},"author":1,"featured_media":0,"parent":0,"menu_order":0,"comment_status":"closed","ping_status":"closed","template":"","meta":[],"yoast_head":"<!-- This site is optimized with the Yoast SEO plugin v17.8 - https:\/\/yoast.com\/wordpress\/plugins\/seo\/ -->\n<title>Technical Program Committee - BRAINS 2021<\/title>\n<meta name=\"robots\" content=\"index, follow, max-snippet:-1, max-image-preview:large, max-video-preview:-1\" \/>\n<link rel=\"canonical\" href=\"https:\/\/brains.dnac.org\/2021\/technical-program-committee\/\" \/>\n<meta property=\"og:locale\" content=\"en_US\" \/>\n<meta property=\"og:type\" content=\"article\" \/>\n<meta property=\"og:title\" content=\"Technical Program Committee - BRAINS 2021\" \/>\n<meta property=\"og:description\" content=\"BRAINS 2021 TPC Members Isaac Agudo &hellip; Continue reading &rarr;\" \/>\n<meta property=\"og:url\" content=\"https:\/\/brains.dnac.org\/2021\/technical-program-committee\/\" \/>\n<meta property=\"og:site_name\" content=\"BRAINS 2021\" \/>\n<meta property=\"article:modified_time\" content=\"2021-04-12T09:25:49+00:00\" \/>\n<meta name=\"twitter:card\" content=\"summary_large_image\" \/>\n<meta name=\"twitter:label1\" content=\"Est. reading time\" \/>\n\t<meta name=\"twitter:data1\" content=\"1 minute\" \/>\n<script type=\"application\/ld+json\" class=\"yoast-schema-graph\">{\"@context\":\"https:\/\/schema.org\",\"@graph\":[{\"@type\":\"Organization\",\"@id\":\"https:\/\/brains.dnac.org\/2021\/#organization\",\"name\":\"DNAC\",\"url\":\"https:\/\/brains.dnac.org\/2021\/\",\"sameAs\":[],\"logo\":{\"@type\":\"ImageObject\",\"@id\":\"https:\/\/brains.dnac.org\/2021\/#logo\",\"inLanguage\":\"en-US\",\"url\":\"https:\/\/brains.dnac.org\/2021\/wp-content\/uploads\/2020\/12\/Logo_DNAC_Haut_Res.png\",\"contentUrl\":\"https:\/\/brains.dnac.org\/2021\/wp-content\/uploads\/2020\/12\/Logo_DNAC_Haut_Res.png\",\"width\":906,\"height\":357,\"caption\":\"DNAC\"},\"image\":{\"@id\":\"https:\/\/brains.dnac.org\/2021\/#logo\"}},{\"@type\":\"WebSite\",\"@id\":\"https:\/\/brains.dnac.org\/2021\/#website\",\"url\":\"https:\/\/brains.dnac.org\/2021\/\",\"name\":\"BRAINS 2021\",\"description\":\"3rd Conference on Blockchain Research &amp; Applications for Innovative Networks and Services (BRAINS)\",\"publisher\":{\"@id\":\"https:\/\/brains.dnac.org\/2021\/#organization\"},\"potentialAction\":[{\"@type\":\"SearchAction\",\"target\":{\"@type\":\"EntryPoint\",\"urlTemplate\":\"https:\/\/brains.dnac.org\/2021\/?s={search_term_string}\"},\"query-input\":\"required name=search_term_string\"}],\"inLanguage\":\"en-US\"},{\"@type\":\"WebPage\",\"@id\":\"https:\/\/brains.dnac.org\/2021\/technical-program-committee\/#webpage\",\"url\":\"https:\/\/brains.dnac.org\/2021\/technical-program-committee\/\",\"name\":\"Technical Program Committee - BRAINS 2021\",\"isPartOf\":{\"@id\":\"https:\/\/brains.dnac.org\/2021\/#website\"},\"datePublished\":\"2021-04-12T09:22:59+00:00\",\"dateModified\":\"2021-04-12T09:25:49+00:00\",\"breadcrumb\":{\"@id\":\"https:\/\/brains.dnac.org\/2021\/technical-program-committee\/#breadcrumb\"},\"inLanguage\":\"en-US\",\"potentialAction\":[{\"@type\":\"ReadAction\",\"target\":[\"https:\/\/brains.dnac.org\/2021\/technical-program-committee\/\"]}]},{\"@type\":\"BreadcrumbList\",\"@id\":\"https:\/\/brains.dnac.org\/2021\/technical-program-committee\/#breadcrumb\",\"itemListElement\":[{\"@type\":\"ListItem\",\"position\":1,\"name\":\"Home\",\"item\":\"https:\/\/brains.dnac.org\/2021\/\"},{\"@type\":\"ListItem\",\"position\":2,\"name\":\"Technical Program Committee\"}]}]}<\/script>\n<!-- \/ Yoast SEO plugin. -->","yoast_head_json":{"title":"Technical Program Committee - BRAINS 2021","robots":{"index":"index","follow":"follow","max-snippet":"max-snippet:-1","max-image-preview":"max-image-preview:large","max-video-preview":"max-video-preview:-1"},"canonical":"https:\/\/brains.dnac.org\/2021\/technical-program-committee\/","og_locale":"en_US","og_type":"article","og_title":"Technical Program Committee - BRAINS 2021","og_description":"BRAINS 2021 TPC Members Isaac Agudo &hellip; Continue reading &rarr;","og_url":"https:\/\/brains.dnac.org\/2021\/technical-program-committee\/","og_site_name":"BRAINS 2021","article_modified_time":"2021-04-12T09:25:49+00:00","twitter_card":"summary_large_image","twitter_misc":{"Est. reading time":"1 minute"},"schema":{"@context":"https:\/\/schema.org","@graph":[{"@type":"Organization","@id":"https:\/\/brains.dnac.org\/2021\/#organization","name":"DNAC","url":"https:\/\/brains.dnac.org\/2021\/","sameAs":[],"logo":{"@type":"ImageObject","@id":"https:\/\/brains.dnac.org\/2021\/#logo","inLanguage":"en-US","url":"https:\/\/brains.dnac.org\/2021\/wp-content\/uploads\/2020\/12\/Logo_DNAC_Haut_Res.png","contentUrl":"https:\/\/brains.dnac.org\/2021\/wp-content\/uploads\/2020\/12\/Logo_DNAC_Haut_Res.png","width":906,"height":357,"caption":"DNAC"},"image":{"@id":"https:\/\/brains.dnac.org\/2021\/#logo"}},{"@type":"WebSite","@id":"https:\/\/brains.dnac.org\/2021\/#website","url":"https:\/\/brains.dnac.org\/2021\/","name":"BRAINS 2021","description":"3rd Conference on Blockchain Research &amp; Applications for Innovative Networks and Services (BRAINS)","publisher":{"@id":"https:\/\/brains.dnac.org\/2021\/#organization"},"potentialAction":[{"@type":"SearchAction","target":{"@type":"EntryPoint","urlTemplate":"https:\/\/brains.dnac.org\/2021\/?s={search_term_string}"},"query-input":"required name=search_term_string"}],"inLanguage":"en-US"},{"@type":"WebPage","@id":"https:\/\/brains.dnac.org\/2021\/technical-program-committee\/#webpage","url":"https:\/\/brains.dnac.org\/2021\/technical-program-committee\/","name":"Technical Program Committee - BRAINS 2021","isPartOf":{"@id":"https:\/\/brains.dnac.org\/2021\/#website"},"datePublished":"2021-04-12T09:22:59+00:00","dateModified":"2021-04-12T09:25:49+00:00","breadcrumb":{"@id":"https:\/\/brains.dnac.org\/2021\/technical-program-committee\/#breadcrumb"},"inLanguage":"en-US","potentialAction":[{"@type":"ReadAction","target":["https:\/\/brains.dnac.org\/2021\/technical-program-committee\/"]}]},{"@type":"BreadcrumbList","@id":"https:\/\/brains.dnac.org\/2021\/technical-program-committee\/#breadcrumb","itemListElement":[{"@type":"ListItem","position":1,"name":"Home","item":"https:\/\/brains.dnac.org\/2021\/"},{"@type":"ListItem","position":2,"name":"Technical Program Committee"}]}]}},"_links":{"self":[{"href":"https:\/\/brains.dnac.org\/2021\/wp-json\/wp\/v2\/pages\/193"}],"collection":[{"href":"https:\/\/brains.dnac.org\/2021\/wp-json\/wp\/v2\/pages"}],"about":[{"href":"https:\/\/brains.dnac.org\/2021\/wp-json\/wp\/v2\/types\/page"}],"author":[{"embeddable":true,"href":"https:\/\/brains.dnac.org\/2021\/wp-json\/wp\/v2\/users\/1"}],"replies":[{"embeddable":true,"href":"https:\/\/brains.dnac.org\/2021\/wp-json\/wp\/v2\/comments?post=193"}],"version-history":[{"count":3,"href":"https:\/\/brains.dnac.org\/2021\/wp-json\/wp\/v2\/pages\/193\/revisions"}],"predecessor-version":[{"id":203,"href":"https:\/\/brains.dnac.org\/2021\/wp-json\/wp\/v2\/pages\/193\/revisions\/203"}],"wp:attachment":[{"href":"https:\/\/brains.dnac.org\/2021\/wp-json\/wp\/v2\/media?parent=193"}],"curies":[{"name":"wp","href":"https:\/\/api.w.org\/{rel}","templated":true}]}}