{"id":27,"date":"2019-07-21T21:45:03","date_gmt":"2019-07-21T19:45:03","guid":{"rendered":"https:\/\/brains.dnac.org\/?page_id=27"},"modified":"2020-09-25T12:21:45","modified_gmt":"2020-09-25T10:21:45","slug":"committee","status":"publish","type":"page","link":"https:\/\/brains.dnac.org\/2020\/committee\/","title":{"rendered":"Committee"},"content":{"rendered":"\n<h4>General Chair<\/h4>\n\n\n\n<div class=\"row listeCommitee\"><div class=\"col-lg-12\"><img src=\"https:\/\/brains.dnac.org\/2020\/wp-content\/uploads\/2019\/11\/Emmanuel-Bertin.png\" class=\"img-rounded imageCommitee\" alt=\"Emmanuel Bertin - Brains 2020\"><p><b>Emmanuel Bertin<\/b><br>(Orange Labs, France)<\/p><\/div><\/div>\n\n\n\n<p><\/p>\n\n\n\n<h4>TPC Chairs<\/h4>\n\n\n\n<div class=\"row listeCommitee\"><div class=\"col-lg-6\"><img src=\"https:\/\/brains.dnac.org\/2020\/wp-content\/uploads\/2019\/11\/Cyril-Cassagnes.png\" class=\"img-rounded imageCommitee\" alt=\"Cyril Cassagnes - Brains 2020\"><p><b>Cyril Cassagnes<\/b><br>(University of Luxembourg, Luxembourg)<\/p><\/div><div class=\"col-lg-6\"><img src=\"https:\/\/brains.dnac.org\/2020\/wp-content\/uploads\/2019\/11\/Ruidong-Li-.png\" class=\"img-rounded imageCommitee\" alt=\"Ruidong Li - Brains 2020\"><p><b>Ruidong Li<\/b><br>(National Institute of Information and Communications Technology, Japan)<\/p><\/div><\/div><div class=\"row listeCommitee\"><div class=\"col-lg-12\"><img src=\"https:\/\/brains.dnac.org\/2020\/wp-content\/uploads\/2019\/11\/Abdelkader_Lahmadi.png\" class=\"img-rounded imageCommitee\" alt=\"Abdelkader Lahmadi - Brains 2020\"><p><b>Abdelkader Lahmadi<\/b><br>(University of Lorraine, France)<\/p><\/div><\/div>\n\n\n\n<h4><br>Publicity Chairs<\/h4>\n\n\n\n<div class=\"row listeCommitee\"><div class=\"col-lg-6\"><img src=\"https:\/\/brains.dnac.org\/2020\/wp-content\/uploads\/2020\/02\/AndreasVeneris45-560x500-1.png\" class=\"img-rounded imageCommitee\" alt=\"Andreas Veneris - Brains 2020\"><p><b>Andreas Veneris<\/b><br>(University of Toronto, Canada)<\/p><\/div><div class=\"col-lg-6\"><img src=\"https:\/\/brains.dnac.org\/2020\/wp-content\/uploads\/2020\/01\/Maria_Potop-Butucaru-512x500-1.png\" class=\"img-rounded imageCommitee\" alt=\"Maria Potop-Butucaru - Brains 2020\"><p><b>Maria Potop-Butucaru<\/b><br>(Sorbonne University, France)<\/p><\/div><\/div><div class=\"row listeCommitee\"><div class=\"col-lg-6\"><img src=\"https:\/\/brains.dnac.org\/2020\/wp-content\/uploads\/2019\/11\/mmexport1505549594130-413x500.jpg\" class=\"img-rounded imageCommitee\" alt=\"Zhi Zhou - Brains 2020\"><p><b>Zhi Zhou<\/b><br>(Sun Yat-Sen University, China)<\/p><\/div><div class=\"col-lg-6\"><img src=\"https:\/\/brains.dnac.org\/2020\/wp-content\/uploads\/2019\/11\/Francois-Le-Fevre.png\" class=\"img-rounded imageCommitee\" alt=\"Fran\u00e7ois Le Fevre - Brains 2020\"><p><b>Fran\u00e7ois Le Fevre<\/b><br>(CEA-LIST, France)<\/p><\/div><\/div><div class=\"row listeCommitee\"><div class=\"col-lg-6\"><img src=\"https:\/\/brains.dnac.org\/2020\/wp-content\/uploads\/2019\/11\/chemouil-prosper.png\" class=\"img-rounded imageCommitee\" alt=\"Prosper Chemouil - Brains 2020\"><p><b>Prosper Chemouil<\/b><br>(Orange Labs (Retired), France)<\/p><\/div><div class=\"col-lg-6\"><img src=\"https:\/\/brains.dnac.org\/2020\/wp-content\/uploads\/2019\/11\/Carol-Fung.png\" class=\"img-rounded imageCommitee\" alt=\"Carol Fung - Brains 2020\"><p><b>Carol Fung<\/b><br>(Virginia Commonwealth University, USA)<\/p><\/div><\/div>\n\n\n\n<p><\/p>\n\n\n\n<h4>Industry and tutorials Chair<\/h4>\n\n\n\n<div class=\"row listeCommitee\"><div class=\"col-lg-12\"><img src=\"https:\/\/brains.dnac.org\/2020\/wp-content\/uploads\/2019\/11\/Noel_Crespi.jpg\" class=\"img-rounded imageCommitee\" alt=\"Noel Crespi - Brains 2020\"><p><b>Noel Crespi<\/b><br>(Institut Mines Telecom, France)<\/p><\/div><\/div>\n\n\n\n<p><\/p>\n\n\n\n<h4>VC &amp; Startup chair<\/h4>\n\n\n\n<div class=\"row listeCommitee\"><div class=\"col-lg-12\"><img src=\"https:\/\/brains.dnac.org\/2020\/wp-content\/uploads\/2019\/11\/Nicolas-Cantu.png\" class=\"img-rounded imageCommitee\" alt=\"Nicolas Cantu - Brains 2020\"><p><b>Nicolas Cantu<\/b><br>(Chain Accelerator, France)<\/p><\/div><\/div>\n\n\n\n<p><\/p>\n\n\n\n<h4>Posters Chairs<\/h4>\n\n\n\n<div class=\"row listeCommitee\"><div class=\"col-lg-6\"><img src=\"https:\/\/brains.dnac.org\/2020\/wp-content\/uploads\/2019\/11\/image001-500x500.png\" class=\"img-rounded imageCommitee\" alt=\"Tesnim Abdellatif - Brains 2020\"><p><b>Tesnim Abdellatif<\/b><br>(EDF R&D, France)<\/p><\/div><div class=\"col-lg-6\"><img src=\"https:\/\/brains.dnac.org\/2020\/wp-content\/uploads\/2019\/11\/Cyril-Cassagnes.png\" class=\"img-rounded imageCommitee\" alt=\"Cyril Cassagnes - Brains 2020\"><p><b>Cyril Cassagnes<\/b><br>(University of Luxembourg, Luxembourg)<\/p><\/div><\/div>\n\n\n\n<p><\/p>\n\n\n\n<h4>Keynote Chair<\/h4>\n\n\n\n<div class=\"row listeCommitee\"><div class=\"col-lg-12\"><img src=\"https:\/\/brains.dnac.org\/2020\/wp-content\/uploads\/2020\/02\/AndreasVeneris45-560x500-1.png\" class=\"img-rounded imageCommitee\" alt=\"Andreas Veneris - Brains 2020\"><p><b>Andreas Veneris<\/b><br>(University of Toronto, Canada)<\/p><\/div><\/div>\n\n\n<p><!--StartFragment--><\/p>\n\n\n<h4>Publication Chair<\/h4>\n\n\n\n<div class=\"row listeCommitee\"><div class=\"col-lg-12\"><img src=\"https:\/\/brains.dnac.org\/2020\/wp-content\/uploads\/2020\/01\/Nazih_Salhab.png\" class=\"img-rounded imageCommitee\" alt=\"Nazih Salhab - Brains 2020\"><p><b>Nazih Salhab<\/b><br>(UPEM, France)<\/p><\/div><\/div>\n\n\n\n<h4>Overall Chair<\/h4>\n\n\n\n<div class=\"row listeCommitee\"><div class=\"col-lg-12\"><img src=\"https:\/\/brains.dnac.org\/2020\/wp-content\/uploads\/2019\/12\/Aziza-576x1024.jpg\" class=\"img-rounded imageCommitee\" alt=\"Aziza Lounis - Brains 2020\"><p><b>Aziza Lounis<\/b><br>(DNAC, France)<\/p><\/div><\/div>\n\n\n<p><!--StartFragment--><\/p>\n\n\n<h4>Web Chair<\/h4>\n\n\n\n<div class=\"row listeCommitee\"><div class=\"col-lg-12\"><img src=\"https:\/\/brains.dnac.org\/2020\/wp-content\/uploads\/2019\/12\/Elia_Kallas.jpg\" class=\"img-rounded imageCommitee\" alt=\"Elia Kallas - Brains 2020\"><p><b>Elia Kallas<\/b><br>(DNAC, France)<\/p><\/div><\/div>\n\n\n<p><!--EndFragment--><\/p>\n\n\n<h4>Steering Committee<\/h4>\n\n\n\n<ul><li>Prosper Chemouil (Orange Labs (Retired), France) <\/li><li>Guy Pujolle (Sorbonne University, France)&nbsp;<\/li><li>Raouf Boutaba (University of Waterloo, Canada)&nbsp;<\/li><li>Noura Limam (University of Waterloo, Canada)&nbsp;<\/li><li>Olivier Festor (INRIA Nancy &#8211; Grand Est, France)&nbsp;<\/li><li>Wolfgang Kellerer (Technische Universit\u00e4t M\u00fcnchen, Germany)&nbsp;<\/li><\/ul>\n\n\n\n<p><\/p>\n\n\n\n<p><\/p>\n\n\n\n<h4>Technical Program Committee<\/h4>\n\n\n\n<figure class=\"wp-block-table\"><table><tbody><tr><td>Tesnim<\/td><td>Abdellatif<\/td><td>EDF R&amp;D<\/td><td>France<\/td><\/tr><tr><td>Moayad<\/td><td>Aloqaily<\/td><td>Gnowit Inc.<\/td><td>Canada<\/td><\/tr><tr><td>Emmanuelle<\/td><td>Anceaume<\/td><td>IRISA<\/td><td>France<\/td><\/tr><tr><td>Shin&#8217;ichi<\/td><td>Arakawa<\/td><td>Osaka University<\/td><td>Japan<\/td><\/tr><tr><td>Artem<\/td><td>Barger<\/td><td>IBM Research<\/td><td>Israel<\/td><\/tr><tr><td>Elyes<\/td><td>Ben Hamida<\/td><td>Sagemcom<\/td><td>France<\/td><\/tr><tr><td>Abderrahim<\/td><td>Benslimane<\/td><td>University of Avignon<\/td><td>France<\/td><\/tr><tr><td>Abdelmalek<\/td><td>Benzekri<\/td><td>Universit\u00e9 Paul Sabatier<\/td><td>France<\/td><\/tr><tr><td>Kaigui<\/td><td>Bian<\/td><td>Peking University<\/td><td>China<\/td><\/tr><tr><td>Thomas<\/td><td>Bocek<\/td><td>HSR Hochschule f\u00fcr Technik Rapperswil<\/td><td>Switzerland<\/td><\/tr><tr><td>Richard<\/td><td>Chbeir<\/td><td>LIUPPA &#8211; University Pau &amp; Pays Adour<\/td><td>France<\/td><\/tr><tr><td>Li<\/td><td>Chen<\/td><td>University of Louisiana at Lafayette<\/td><td>USA<\/td><\/tr><tr><td>Francesco<\/td><td>Chiti<\/td><td>Universit\u00e0 degli Studi di Firenze<\/td><td>Italy<\/td><\/tr><tr><td>Thibault<\/td><td>Cholez<\/td><td>LORIA \/ INRIA Nancy &#8211; Grand Est<\/td><td>France<\/td><\/tr><tr><td>Noel<\/td><td>Crespi<\/td><td>Institut Mines-T\u00e9l\u00e9com, T\u00e9l\u00e9com SudParis<\/td><td>France<\/td><\/tr><tr><td>Hong-Ning<\/td><td>Dai<\/td><td>Macau University of Science and Technology<\/td><td>Macao<\/td><\/tr><tr><td>Nour<\/td><td>El Madhoun<\/td><td>ISEP Engineering School<\/td><td>France<\/td><\/tr><tr><td>David<\/td><td>Faure<\/td><td>Thales<\/td><td>France<\/td><\/tr><tr><td>Paula<\/td><td>Fraga-Lamas<\/td><td>University of A Coru\u00f1a<\/td><td>Spain<\/td><\/tr><tr><td>J\u00e9r\u00f4me<\/td><td>Fran\u00e7ois<\/td><td>INRIA Nancy Grand Est<\/td><td>France<\/td><\/tr><tr><td>Carol<\/td><td>Fung<\/td><td>Virginia Commonwealth University<\/td><td>USA<\/td><\/tr><tr><td>Peng<\/td><td>Gao<\/td><td>University of California, Berkeley<\/td><td>USA<\/td><\/tr><tr><td>Joaquin<\/td><td>Garcia-Alfaro<\/td><td>Institut Mines-Telecom<\/td><td>France<\/td><\/tr><tr><td>Jinsong<\/td><td>Han<\/td><td>Zhejiang University<\/td><td>China<\/td><\/tr><tr><td>Julien<\/td><td>Hatin<\/td><td>Orange\/IMT\/OLPS\/ASE\/SEC<\/td><td>France<\/td><\/tr><tr><td>Baptiste<\/td><td>Hemery<\/td><td>Orange<\/td><td>France<\/td><\/tr><tr><td>James<\/td><td>Hong<\/td><td>POSTECH<\/td><td>Korea (South)<\/td><\/tr><tr><td>Hanen<\/td><td>Idoudi<\/td><td>National School of Computer Science &#8211; University of Manouba<\/td><td>Tunisia<\/td><\/tr><tr><td>Lei<\/td><td>Jiao<\/td><td>University of Oregon<\/td><td>USA<\/td><\/tr><tr><td>Rida<\/td><td>Khatoun<\/td><td>Telecom ParisTech<\/td><td>France<\/td><\/tr><tr><td>Yuki<\/td><td>Koizumi<\/td><td>Osaka University<\/td><td>Japan<\/td><\/tr><tr><td>Maryline<\/td><td>Laurent<\/td><td>Institut Mines-T\u00e9l\u00e9com, T\u00e9l\u00e9com SudParis<\/td><td>France<\/td><\/tr><tr><td>Kai<\/td><td>Lei<\/td><td>Peking University<\/td><td>China<\/td><\/tr><tr><td>Qun<\/td><td>Li<\/td><td>College of William and Mary<\/td><td>USA<\/td><\/tr><tr><td>Changqing<\/td><td>Luo<\/td><td>Virginia Commonwealth University<\/td><td>USA<\/td><\/tr><tr><td>J\u00e9ferson<\/td><td>Nobre<\/td><td>Federal University of Rio Grande do Sul<\/td><td>Brazil<\/td><\/tr><tr><td>Aafaf<\/td><td>Ouaddah<\/td><td>INPT, RABAT\/RAISS<\/td><td>Morocco<\/td><\/tr><tr><td>Dongming<\/td><td>Peng<\/td><td>University of Nebraska-Lincoln<\/td><td>USA<\/td><\/tr><tr><td>Maria<\/td><td>Potop-Butucaru<\/td><td>Sorbonne University<\/td><td>France<\/td><\/tr><tr><td>Guy<\/td><td>Pujolle<\/td><td>Sorbonne University<\/td><td>France<\/td><\/tr><tr><td>Mohammad<\/td><td>Rahman<\/td><td>Florida International University<\/td><td>USA<\/td><\/tr><tr><td>Etienne<\/td><td>Riviere<\/td><td>UCLouvain<\/td><td>Belgium<\/td><\/tr><tr><td>Khouloud<\/td><td>Salameh<\/td><td>American University of Ras Al Khaimah<\/td><td>United Arab Emirates<\/td><\/tr><tr><td>Stefano<\/td><td>Secci<\/td><td>Cnam<\/td><td>France<\/td><\/tr><tr><td>Jean-Marc<\/td><td>Seigneur<\/td><td>University of Geneva<\/td><td>Switzerland<\/td><\/tr><tr><td>Motoyoshi<\/td><td>Sekiya<\/td><td>Fujitsu Laboratories Limited<\/td><td>Japan<\/td><\/tr><tr><td>Ryoichi<\/td><td>Shinkuma<\/td><td>Kyoto University<\/td><td>Japan<\/td><\/tr><tr><td>Kazuyuki<\/td><td>Shudo<\/td><td>Tokyo Institute of Technology<\/td><td>Japan<\/td><\/tr><tr><td>Matteo&nbsp;<\/td><td>Signorini<\/td><td>Nokia Bell Labs<\/td><td>France<\/td><\/tr><tr><td>Kalpana<\/td><td>Singh<\/td><td>IRT SystemX<\/td><td>France<\/td><\/tr><tr><td>Radu&nbsp;<\/td><td>State<\/td><td>University of Luxembourg<\/td><td>Luxembourg<\/td><\/tr><tr><td>Angelos<\/td><td>Stavrou<\/td><td>George Mason University<\/td><td>USA<\/td><\/tr><tr><td>Xiang<\/td><td>Sun<\/td><td>University of New Mexico<\/td><td>USA<\/td><\/tr><tr><td>Jenny<\/td><td>Torres<\/td><td>Escuela Polit\u00e9cnica Nacional<\/td><td>Ecuador<\/td><\/tr><tr><td>Sara<\/td><td>Tucci-Piergiovanni<\/td><td>CEA LIST<\/td><td>France<\/td><\/tr><tr><td>Andreas<\/td><td>Veneris<\/td><td>University of Toronto<\/td><td>Canada<\/td><\/tr><tr><td>Xuyu<\/td><td>Wang<\/td><td>California State University, Sacramento<\/td><td>USA<\/td><\/tr><tr><td>Shengjie<\/td><td>Xu<\/td><td>Dakota State University<\/td><td>USA<\/td><\/tr><tr><td>Xiaohua<\/td><td>Xu<\/td><td>Kennesaw State University<\/td><td>USA<\/td><\/tr><tr><td>Kaiping<\/td><td>Xue<\/td><td>University of Science and Technology of China<\/td><td>China<\/td><\/tr><tr><td>Shen<\/td><td>Yan<\/td><td>Huawei Technologies Co., Ltd<\/td><td>China<\/td><\/tr><tr><td>Qiben<\/td><td>Yan<\/td><td>Michigan State University<\/td><td>USA<\/td><\/tr><tr><td>Feng<\/td><td>Ye<\/td><td>University of Dayton<\/td><td>USA<\/td><\/tr><tr><td>Sachiko<\/td><td>Yoshihama<\/td><td>IBM Tokyo Research Laboratory<\/td><td>Japan<\/td><\/tr><tr><td>Xu<\/td><td>Yuan<\/td><td>University of Louisiana at Lafayette<\/td><td>USA<\/td><\/tr><tr><td>Sherali<\/td><td>Zeadally<\/td><td>University of Kentucky<\/td><td>USA<\/td><\/tr><tr><td>Zhi<\/td><td>Zhou<\/td><td>Sun Yat-sen University<\/td><td>China<\/td><\/tr><\/tbody><\/table><\/figure>\n\n\n\n<p><\/p>\n","protected":false},"excerpt":{"rendered":"<p>General Chair TPC Chairs Publicity Chairs &hellip; <a href=\"https:\/\/brains.dnac.org\/2020\/elika_speaker\/elia-kallas\/\">Continue reading <span class=\"meta-nav\">&rarr;<\/span><\/a><\/p>\n","protected":false},"author":1,"featured_media":0,"parent":0,"menu_order":0,"comment_status":"closed","ping_status":"closed","template":"","meta":[],"yoast_head":"<!-- This site is optimized with the Yoast SEO plugin v14.9 - https:\/\/yoast.com\/wordpress\/plugins\/seo\/ -->\n<title>Committee - Brains 2020<\/title>\n<meta name=\"robots\" content=\"index, follow, max-snippet:-1, max-image-preview:large, max-video-preview:-1\" \/>\n<link rel=\"canonical\" href=\"https:\/\/brains.dnac.org\/committee\/\" \/>\n<meta property=\"og:locale\" content=\"en_US\" \/>\n<meta property=\"og:type\" content=\"article\" \/>\n<meta property=\"og:title\" content=\"Committee - Brains 2020\" \/>\n<meta property=\"og:description\" content=\"General Chair TPC Chairs Publicity Chairs &hellip; Continue reading &rarr;\" \/>\n<meta property=\"og:url\" content=\"https:\/\/brains.dnac.org\/committee\/\" \/>\n<meta property=\"og:site_name\" content=\"Brains 2020\" \/>\n<meta property=\"article:modified_time\" content=\"2020-09-25T10:21:45+00:00\" \/>\n<meta name=\"twitter:card\" content=\"summary_large_image\" \/>\n<script type=\"application\/ld+json\" class=\"yoast-schema-graph\">{\"@context\":\"https:\/\/schema.org\",\"@graph\":[{\"@type\":\"WebSite\",\"@id\":\"https:\/\/brains.dnac.org\/2020\/#website\",\"url\":\"https:\/\/brains.dnac.org\/2020\/\",\"name\":\"Brains 2020\",\"description\":\"2nd conference on Blockchain Research &amp; Applications  for Innovative Networks and Services\",\"potentialAction\":[{\"@type\":\"SearchAction\",\"target\":\"https:\/\/brains.dnac.org\/2020\/?s={search_term_string}\",\"query-input\":\"required name=search_term_string\"}],\"inLanguage\":\"en-US\"},{\"@type\":\"WebPage\",\"@id\":\"https:\/\/brains.dnac.org\/committee\/#webpage\",\"url\":\"https:\/\/brains.dnac.org\/committee\/\",\"name\":\"Committee - Brains 2020\",\"isPartOf\":{\"@id\":\"https:\/\/brains.dnac.org\/2020\/#website\"},\"datePublished\":\"2019-07-21T19:45:03+00:00\",\"dateModified\":\"2020-09-25T10:21:45+00:00\",\"inLanguage\":\"en-US\",\"potentialAction\":[{\"@type\":\"ReadAction\",\"target\":[\"https:\/\/brains.dnac.org\/committee\/\"]}]}]}<\/script>\n<!-- \/ Yoast SEO plugin. -->","_links":{"self":[{"href":"https:\/\/brains.dnac.org\/2020\/wp-json\/wp\/v2\/pages\/27"}],"collection":[{"href":"https:\/\/brains.dnac.org\/2020\/wp-json\/wp\/v2\/pages"}],"about":[{"href":"https:\/\/brains.dnac.org\/2020\/wp-json\/wp\/v2\/types\/page"}],"author":[{"embeddable":true,"href":"https:\/\/brains.dnac.org\/2020\/wp-json\/wp\/v2\/users\/1"}],"replies":[{"embeddable":true,"href":"https:\/\/brains.dnac.org\/2020\/wp-json\/wp\/v2\/comments?post=27"}],"version-history":[{"count":37,"href":"https:\/\/brains.dnac.org\/2020\/wp-json\/wp\/v2\/pages\/27\/revisions"}],"predecessor-version":[{"id":310,"href":"https:\/\/brains.dnac.org\/2020\/wp-json\/wp\/v2\/pages\/27\/revisions\/310"}],"wp:attachment":[{"href":"https:\/\/brains.dnac.org\/2020\/wp-json\/wp\/v2\/media?parent=27"}],"curies":[{"name":"wp","href":"https:\/\/api.w.org\/{rel}","templated":true}]}}